{"id":2026,"date":"2018-08-22T10:23:38","date_gmt":"2018-08-22T09:23:38","guid":{"rendered":"http:\/\/lanotalatina.com\/blog\/wordpress\/?page_id=2026"},"modified":"2026-04-29T15:13:03","modified_gmt":"2026-04-29T14:13:03","slug":"cours-de-guitare","status":"publish","type":"page","link":"https:\/\/lanotalatina.com\/blog\/wordpress\/cours-de-guitare\/","title":{"rendered":"Cours de guitare"},"content":{"rendered":"\n<p><em><strong>Je ne donne plus de cours de guitare<\/strong>, une activit\u00e9 que j&rsquo;ai beaucoup aim\u00e9 et qui m&rsquo;a fait rencontrer de belles personnes.<\/em> <em>Depuis quelques ann\u00e9es je vis entre France et Suisse, et m\u00eame si je n&rsquo;enseigne plus, j&rsquo;ai d\u00e9cid\u00e9 de garder certains de ses souvenirs sur cette page. <\/em><\/p>\n\n\n<p>Mes cours de guitare portent essentiellement sur la musique latine en g\u00e9n\u00e9ral comme le son cubain, la samba, la bossa, la milonga ou la zamba du Rio de la Plata entre autres, ainsi que le jazz et les musiques actuelles.<\/p>\n<p>Les cours sont ax\u00e9s dans un premier temps sur l\u2019apprentissage des accords de base et de leurs noms tout en donnant une importance particuli\u00e8re au bon positionnement des doigts qui permettra par la suite de progresser plus rapidement. Le but est de donner la possibilit\u00e9 de jouer et interpr\u00e9ter d\u00e8s que possible une suite d&rsquo;accords. Exercices, gammes et m\u00e9lodies viennent ensuite, tout en veillant \u00e0 garder le plaisir initial et \u00e0 respecter les go\u00fbts musicaux des \u00e9l\u00e8ves.<\/p>\n<h4>Mon exp\u00e9rience<\/h4>\n<p>C\u2019est \u00e0 11 ans, \u00e0 Montevideo, que j\u2019ai commenc\u00e9 \u00e0 jouer la guitare. A l&rsquo;\u00e9poque, la r\u00e9volution musicale entam\u00e9e entre autres par les Beatles et les Rolling Stones prenait son grand \u00e9lan. Tr\u00e8s vite avec des amis du quartier nous avons form\u00e9 un groupe de rock et nous jouions tous les soirs dans un garage am\u00e9nag\u00e9 \u00e0 cet effet par leur p\u00e8re, passionn\u00e9 de musique. Puis, ce fut au tour de mon propre p\u00e8re qui, ne pouvant que constater ma passion, m&rsquo;a trouv\u00e9 un professeur de guitare.<\/p>\n<p>Plus tard, la vingtaine \u00e0 peine entam\u00e9e, le r\u00eave de l\u2019Europe m\u2019a amen\u00e9 en Espagne, \u00e0 Paris, \u00e0 Amsterdam et partout ailleurs. Tr\u00e8s vite, j\u2019ai commenc\u00e9 \u00e0 travailler comme guitariste professionnel, et ma soif d\u2019apprendre et de progresser m\u2019a amen\u00e9 \u00e0 \u00e9tudier le jazz et la guitare classique.<\/p>\n<p>L\u2019exp\u00e9rience d\u2019avoir appris \u00e0 jouer d\u2019abord en autodidacte m&rsquo;a permis de comprendre tout le plaisir que l\u2019on ressent lorsqu\u2019on entend les premi\u00e8res notes et les premiers accords trouv\u00e9s et jou\u00e9s par soi-m\u00eame. Je suis convaincu que c\u2019est ce plaisir-l\u00e0 qui nous donne l\u2019envie d&rsquo;avancer et nous aide \u00e0 progresser bien plus rapidement que lorsqu\u2019on entame des \u00e9tudes purement classiques.<\/p>\n<p><a href=\"http:\/\/lanotalatina.com\/blog\/wordpress\/wp-content\/uploads\/2018\/08\/170826_1656_La_Pasarelle-940x429.jpg\"><img loading=\"lazy\" decoding=\"async\" class=\"alignnone wp-image-2091\" src=\"http:\/\/lanotalatina.com\/blog\/wordpress\/wp-content\/uploads\/2018\/08\/170826_1656_La_Pasarelle-940x429-300x137.jpg\" alt=\"\" width=\"342\" height=\"156\" srcset=\"https:\/\/lanotalatina.com\/blog\/wordpress\/wp-content\/uploads\/2018\/08\/170826_1656_La_Pasarelle-940x429-300x137.jpg 300w, https:\/\/lanotalatina.com\/blog\/wordpress\/wp-content\/uploads\/2018\/08\/170826_1656_La_Pasarelle-940x429-768x351.jpg 768w, https:\/\/lanotalatina.com\/blog\/wordpress\/wp-content\/uploads\/2018\/08\/170826_1656_La_Pasarelle-940x429.jpg 940w\" sizes=\"auto, (max-width: 342px) 100vw, 342px\" \/><\/a><\/p>\n<h4>Et n\u2019oublions pas l\u2019essentiel: les bienfaits de la musique<\/h4>\n<p>C&rsquo;est bien connu que la musique a un grand pouvoir sur nous, sur nos \u00e9motions, notre cerveau et notre corps. Chanter ou jouer d\u2019un instrument nous inonde de substances chimiques essentielles \u00e0 notre existence et qui nous procurent du bien-\u00eatre. Jouer de la musique contribue \u00e0 notre \u00e9panouissement personnel. M\u00e9moriser des accords ou des m\u00e9lodies, est un travail tr\u00e8s efficace pour \u00ab\u00a0muscler\u00a0\u00bb notre cerveau. La musique favorise l\u2019apprentissage en accroissant notre concentration, notre pers\u00e9v\u00e9rance, en d\u00e9veloppant l\u2019ou\u00efe, l\u2019analyse, le sens critique, la cr\u00e9ativit\u00e9, le d\u00e9passement de soi, la sociabilit\u00e9.<\/p>\n<p><em>Et alors&nbsp;?&#8230; en avant la musique&nbsp;!<\/em><\/p>","protected":false},"excerpt":{"rendered":"<p>Je ne donne plus de cours de guitare, une activit\u00e9 que j&rsquo;ai beaucoup aim\u00e9 et qui m&rsquo;a fait rencontrer de belles personnes. Depuis quelques ann\u00e9es je vis entre France et Suisse, et m\u00eame si je n&rsquo;enseigne plus, j&rsquo;ai d\u00e9cid\u00e9 de garder certains de ses souvenirs sur cette page. Mes cours de guitare portent essentiellement sur&hellip;<\/p>\n<p class=\"more-link-p\"><a class=\"btn btn-primary\" href=\"https:\/\/lanotalatina.com\/blog\/wordpress\/cours-de-guitare\/\">Read more &rarr;<\/a><\/p>\n","protected":false},"author":1,"featured_media":0,"parent":0,"menu_order":0,"comment_status":"closed","ping_status":"closed","template":"","meta":{"footnotes":""},"class_list":["post-2026","page","type-page","status-publish","hentry"],"_links":{"self":[{"href":"https:\/\/lanotalatina.com\/blog\/wordpress\/wp-json\/wp\/v2\/pages\/2026","targetHints":{"allow":["GET"]}}],"collection":[{"href":"https:\/\/lanotalatina.com\/blog\/wordpress\/wp-json\/wp\/v2\/pages"}],"about":[{"href":"https:\/\/lanotalatina.com\/blog\/wordpress\/wp-json\/wp\/v2\/types\/page"}],"author":[{"embeddable":true,"href":"https:\/\/lanotalatina.com\/blog\/wordpress\/wp-json\/wp\/v2\/users\/1"}],"replies":[{"embeddable":true,"href":"https:\/\/lanotalatina.com\/blog\/wordpress\/wp-json\/wp\/v2\/comments?post=2026"}],"version-history":[{"count":38,"href":"https:\/\/lanotalatina.com\/blog\/wordpress\/wp-json\/wp\/v2\/pages\/2026\/revisions"}],"predecessor-version":[{"id":3460,"href":"https:\/\/lanotalatina.com\/blog\/wordpress\/wp-json\/wp\/v2\/pages\/2026\/revisions\/3460"}],"wp:attachment":[{"href":"https:\/\/lanotalatina.com\/blog\/wordpress\/wp-json\/wp\/v2\/media?parent=2026"}],"curies":[{"name":"wp","href":"https:\/\/api.w.org\/{rel}","templated":true}]}}