{"id":23,"date":"2014-08-09T15:24:16","date_gmt":"2014-08-09T14:24:16","guid":{"rendered":"http:\/\/lanotalatina.com\/blog\/wordpress\/?page_id=23"},"modified":"2026-04-17T21:28:29","modified_gmt":"2026-04-17T20:28:29","slug":"http-lanotalatina-com-blog-wordpress","status":"publish","type":"page","link":"https:\/\/lanotalatina.com\/blog\/wordpress\/","title":{"rendered":"Accueil"},"content":{"rendered":"\n<h3 class=\"wp-block-heading\">Nos prochains \u00e9v\u00e9nements:<\/h3>\n\n\n\n<ul class=\"wp-block-list\">\n<li>Une large liste des chansons est propos\u00e9 sur demande<\/li>\n<\/ul>\n\n\n\n<figure class=\"wp-block-image size-full is-resized\"><a href=\"http:\/\/lanotalatina.com\/blog\/wordpress\/wp-content\/uploads\/2026\/04\/Stage-de-musique-latine-2026.jpg\"><img loading=\"lazy\" decoding=\"async\" width=\"595\" height=\"841\" src=\"http:\/\/lanotalatina.com\/blog\/wordpress\/wp-content\/uploads\/2026\/04\/Stage-de-musique-latine-2026.jpg\" alt=\"\" class=\"wp-image-3360\" style=\"aspect-ratio:0.7078534031413612;width:832px;height:auto\" srcset=\"https:\/\/lanotalatina.com\/blog\/wordpress\/wp-content\/uploads\/2026\/04\/Stage-de-musique-latine-2026.jpg 595w, https:\/\/lanotalatina.com\/blog\/wordpress\/wp-content\/uploads\/2026\/04\/Stage-de-musique-latine-2026-212x300.jpg 212w\" sizes=\"auto, (max-width: 595px) 100vw, 595px\" \/><\/a><\/figure>\n\n\n\n<figure class=\"wp-block-image size-full is-resized\"><a href=\"http:\/\/lanotalatina.com\/blog\/wordpress\/wp-content\/uploads\/2026\/04\/Stage-de-musique-latine-2026-3.jpg\"><img loading=\"lazy\" decoding=\"async\" width=\"595\" height=\"841\" src=\"http:\/\/lanotalatina.com\/blog\/wordpress\/wp-content\/uploads\/2026\/04\/Stage-de-musique-latine-2026-3.jpg\" alt=\"\" class=\"wp-image-3380\" style=\"aspect-ratio:0.7072727272727273;width:832px;height:auto\" srcset=\"https:\/\/lanotalatina.com\/blog\/wordpress\/wp-content\/uploads\/2026\/04\/Stage-de-musique-latine-2026-3.jpg 595w, https:\/\/lanotalatina.com\/blog\/wordpress\/wp-content\/uploads\/2026\/04\/Stage-de-musique-latine-2026-3-212x300.jpg 212w\" sizes=\"auto, (max-width: 595px) 100vw, 595px\" \/><\/a><\/figure>\n\n\n\n<p><\/p>\n\n\n\n<p> Une liste des chansons est propos\u00e9 sur demande<\/p>\n\n\n\n<p><\/p>\n\n\n\n<p><\/p>\n\n\n\n<p class=\"has-text-align-center\"><a href=\"https:\/\/youtu.be\/zkO4tYKnFWM\">DOLCE VITA Tal vez &#8211; Juan Formell<\/a><\/p>\n\n\n\n<p><\/p>\n\n\n\n<p><\/p>\n\n\n\n<p class=\"has-text-align-center\"><a href=\"http:\/\/finogomez.com\" target=\"_blank\" rel=\"noreferrer noopener\">Site officiel Fino Gomez<\/a><\/p>\n\n\n\n<p class=\"has-text-align-center\">La Nota Latina \u00a9 2026<\/p>\n","protected":false},"excerpt":{"rendered":"<p>Nos prochains \u00e9v\u00e9nements: Une liste des chansons est propos\u00e9 sur demande DOLCE VITA Tal vez &#8211; Juan Formell Site officiel Fino Gomez La Nota Latina \u00a9 2026<\/p>\n<p class=\"more-link-p\"><a class=\"btn btn-primary\" href=\"https:\/\/lanotalatina.com\/blog\/wordpress\/\">Read more &rarr;<\/a><\/p>\n","protected":false},"author":1,"featured_media":2263,"parent":164,"menu_order":0,"comment_status":"closed","ping_status":"closed","template":"","meta":{"footnotes":""},"class_list":["post-23","page","type-page","status-publish","has-post-thumbnail","hentry"],"_links":{"self":[{"href":"https:\/\/lanotalatina.com\/blog\/wordpress\/wp-json\/wp\/v2\/pages\/23","targetHints":{"allow":["GET"]}}],"collection":[{"href":"https:\/\/lanotalatina.com\/blog\/wordpress\/wp-json\/wp\/v2\/pages"}],"about":[{"href":"https:\/\/lanotalatina.com\/blog\/wordpress\/wp-json\/wp\/v2\/types\/page"}],"author":[{"embeddable":true,"href":"https:\/\/lanotalatina.com\/blog\/wordpress\/wp-json\/wp\/v2\/users\/1"}],"replies":[{"embeddable":true,"href":"https:\/\/lanotalatina.com\/blog\/wordpress\/wp-json\/wp\/v2\/comments?post=23"}],"version-history":[{"count":646,"href":"https:\/\/lanotalatina.com\/blog\/wordpress\/wp-json\/wp\/v2\/pages\/23\/revisions"}],"predecessor-version":[{"id":3389,"href":"https:\/\/lanotalatina.com\/blog\/wordpress\/wp-json\/wp\/v2\/pages\/23\/revisions\/3389"}],"up":[{"embeddable":true,"href":"https:\/\/lanotalatina.com\/blog\/wordpress\/wp-json\/wp\/v2\/pages\/164"}],"wp:featuredmedia":[{"embeddable":true,"href":"https:\/\/lanotalatina.com\/blog\/wordpress\/wp-json\/wp\/v2\/media\/2263"}],"wp:attachment":[{"href":"https:\/\/lanotalatina.com\/blog\/wordpress\/wp-json\/wp\/v2\/media?parent=23"}],"curies":[{"name":"wp","href":"https:\/\/api.w.org\/{rel}","templated":true}]}}